{"id":70,"date":"2020-04-01T21:54:31","date_gmt":"2020-04-01T21:54:31","guid":{"rendered":"https:\/\/www.isunitasbrasil.org\/?page_id=70"},"modified":"2023-01-29T16:51:23","modified_gmt":"2023-01-29T19:51:23","slug":"sobre-nos","status":"publish","type":"page","link":"https:\/\/www.isunitasbrasil.org\/?page_id=70","title":{"rendered":"Quem somos"},"content":{"rendered":"<p>[et_pb_section fb_built=&#8221;1&#8243; _builder_version=&#8221;4.16&#8243; background_enable_color=&#8221;off&#8221; background_enable_image=&#8221;off&#8221; hover_enabled=&#8221;0&#8243; global_colors_info=&#8221;{}&#8221; sticky_enabled=&#8221;0&#8243;][et_pb_row column_structure=&#8221;1_2,1_2&#8243; _builder_version=&#8221;4.16&#8243; position_origin_r=&#8221;top_right&#8221; vertical_offset=&#8221;-36px&#8221; position_origin_a_last_edited=&#8221;off|desktop&#8221; position_origin_f_last_edited=&#8221;off|desktop&#8221; position_origin_r_last_edited=&#8221;off|desktop&#8221; custom_padding=&#8221;||1px|||&#8221; positioning_last_edited=&#8221;off|desktop&#8221; global_colors_info=&#8221;{}&#8221;][et_pb_column type=&#8221;1_2&#8243; _builder_version=&#8221;4.16&#8243; global_colors_info=&#8221;{}&#8221;][et_pb_text _builder_version=&#8221;4.16&#8243; text_font=&#8221;Poppins|600|||||||&#8221; text_text_color=&#8221;#ffffff&#8221; text_font_size=&#8221;23px&#8221; background_color=&#8221;#1a0052&#8243; text_orientation=&#8221;center&#8221; width=&#8221;52%&#8221; width_tablet=&#8221;&#8221; width_phone=&#8221;90%&#8221; width_last_edited=&#8221;on|phone&#8221; max_width=&#8221;55%&#8221; max_width_tablet=&#8221;&#8221; max_width_phone=&#8221;90%&#8221; max_width_last_edited=&#8221;on|phone&#8221; custom_padding=&#8221;15px||15px||false|false&#8221; text_font_size_tablet=&#8221;&#8221; text_font_size_phone=&#8221;15px&#8221; text_font_size_last_edited=&#8221;on|phone&#8221; module_alignment_tablet=&#8221;&#8221; module_alignment_phone=&#8221;center&#8221; module_alignment_last_edited=&#8221;on|phone&#8221; global_colors_info=&#8221;{}&#8221;]<\/p>\n<p>Espiritualidade<\/p>\n<p>[\/et_pb_text][et_pb_divider color=&#8221;#474747&#8243; _builder_version=&#8221;4.16&#8243; background_color=&#8221;#727272&#8243; width=&#8221;16%&#8221; min_height=&#8221;1px&#8221; height=&#8221;3px&#8221; max_height=&#8221;3px&#8221; custom_margin=&#8221;0px||0px||false|false&#8221; custom_padding=&#8221;0px||0px||false|false&#8221; global_colors_info=&#8221;{}&#8221;][\/et_pb_divider][et_pb_text _builder_version=&#8221;4.16&#8243; text_font=&#8221;Poppins||||||||&#8221; positioning=&#8221;relative&#8221; vertical_offset=&#8221;26px&#8221; text_orientation=&#8221;justified&#8221; global_colors_info=&#8221;{}&#8221;]<\/p>\n<p>A espiritualidade do Instituto Secular Unitas-Brasil tem sua t\u00f4nica na vida de uni\u00e3o com Deus, a fim de que, guiados pelo Esp\u00edrito Santo, seus membros sigam Cristo no tempo atual. Procura-se dar continuidade \u00e0 tradi\u00e7\u00e3o da vida contemplativa na Igreja de todos os tempos.<\/p>\n<blockquote>\n<p><em>\u00c9 uma forma de consagra\u00e7\u00e3o nova e original, inspirada pelo Esp\u00edrito Santo, para ser vivida no \u00e2mbito das realidades temporais e para imprimir a for\u00e7a dos Conselhos Evang\u00e9licos, isto \u00e9, dos valores divinos e eternos, aos valores humanos e temporais (Papa Paulo VI).<\/em><\/p>\n<\/blockquote>\n<p>Os membros vivem sua voca\u00e7\u00e3o secular no exerc\u00edcio da profiss\u00e3o, por sua presen\u00e7a na fam\u00edlia, atuando nos diversos segmentos da sociedade, engajados na vida Pastoral da Igreja.<\/p>\n<p>[\/et_pb_text][\/et_pb_column][et_pb_column type=&#8221;1_2&#8243; _builder_version=&#8221;4.16&#8243; global_colors_info=&#8221;{}&#8221;][et_pb_image src=&#8221;https:\/\/www.isunitasbrasil.org\/wp-content\/uploads\/2021\/03\/espiritualidade.png&#8221; _builder_version=&#8221;4.16&#8243; global_colors_info=&#8221;{}&#8221;][\/et_pb_image][\/et_pb_column][\/et_pb_row][et_pb_row column_structure=&#8221;1_2,1_2&#8243; _builder_version=&#8221;4.16&#8243; vertical_offset_tablet=&#8221;&#8221; vertical_offset_phone=&#8221;-66px&#8221; vertical_offset_last_edited=&#8221;on|phone&#8221; position_origin_a_tablet=&#8221;&#8221; position_origin_a_phone=&#8221;&#8221; position_origin_a_last_edited=&#8221;on|phone&#8221; position_origin_f_tablet=&#8221;&#8221; position_origin_f_phone=&#8221;&#8221; position_origin_f_last_edited=&#8221;on|phone&#8221; position_origin_r_tablet=&#8221;&#8221; position_origin_r_phone=&#8221;&#8221; position_origin_r_last_edited=&#8221;on|phone&#8221; custom_padding=&#8221;||1px|||&#8221; positioning_tablet=&#8221;&#8221; positioning_phone=&#8221;&#8221; positioning_last_edited=&#8221;on|phone&#8221; global_colors_info=&#8221;{}&#8221;][et_pb_column type=&#8221;1_2&#8243; _builder_version=&#8221;4.16&#8243; global_colors_info=&#8221;{}&#8221;][et_pb_text _builder_version=&#8221;4.16&#8243; text_font=&#8221;Poppins|600|||||||&#8221; text_text_color=&#8221;#ffffff&#8221; text_font_size=&#8221;23px&#8221; background_color=&#8221;#1a0052&#8243; text_orientation=&#8221;center&#8221; width=&#8221;67%&#8221; width_tablet=&#8221;&#8221; width_phone=&#8221;90%&#8221; width_last_edited=&#8221;on|phone&#8221; max_width=&#8221;61%&#8221; max_width_tablet=&#8221;&#8221; max_width_phone=&#8221;90%&#8221; max_width_last_edited=&#8221;on|phone&#8221; custom_padding=&#8221;15px||15px||false|false&#8221; text_font_size_tablet=&#8221;&#8221; text_font_size_phone=&#8221;15px&#8221; text_font_size_last_edited=&#8221;on|phone&#8221; module_alignment_tablet=&#8221;&#8221; module_alignment_phone=&#8221;center&#8221; module_alignment_last_edited=&#8221;on|phone&#8221; global_colors_info=&#8221;{}&#8221;]<\/p>\n<p>Conselhos Evang\u00e9licos<\/p>\n<p>[\/et_pb_text][et_pb_divider color=&#8221;#474747&#8243; _builder_version=&#8221;4.16&#8243; background_color=&#8221;#727272&#8243; width=&#8221;16%&#8221; min_height=&#8221;1px&#8221; height=&#8221;3px&#8221; max_height=&#8221;3px&#8221; custom_margin=&#8221;0px||0px||false|false&#8221; custom_padding=&#8221;0px||0px||false|false&#8221; global_colors_info=&#8221;{}&#8221;][\/et_pb_divider][et_pb_text _builder_version=&#8221;4.16&#8243; text_font=&#8221;Poppins||||||||&#8221; positioning=&#8221;relative&#8221; vertical_offset=&#8221;26px&#8221; text_orientation=&#8221;justified&#8221; global_colors_info=&#8221;{}&#8221;]<\/p>\n<p>Os membros de Unitas-Brasil consagram-se a Deus atrav\u00e9s dos votos de Obedi\u00eancia, Pobreza e Castidade.<\/p>\n<p><strong>Obedi\u00eancia:<\/strong> Escuta do Esp\u00edrito para agir, em todas as circunst\u00e2ncias, em coer\u00eancia com o Projeto de Deus. Discernimento e disponibilidade para atender aos apelos de Deus, da Igreja, do mundo e do pr\u00f3prio Instituto.<\/p>\n<p><strong>Pobreza:<\/strong>\u00a0Uso dos bens temporais em esp\u00edrito evang\u00e9lico, no desprendimento, na partilha e na sobriedade, a servi\u00e7o do Reino.<\/p>\n<p><strong>Castidade:<\/strong>\u00a0Consagra\u00e7\u00e3o ao Senhor, op\u00e7\u00e3o por n\u00e3o casar, em disponibilidade aos irm\u00e3os, comprometendo-se com a causa do Reino.<\/p>\n<p>[\/et_pb_text][\/et_pb_column][et_pb_column type=&#8221;1_2&#8243; _builder_version=&#8221;4.16&#8243; global_colors_info=&#8221;{}&#8221;][et_pb_text _builder_version=&#8221;4.16&#8243; text_font=&#8221;Poppins||||||||&#8221; text_text_color=&#8221;#ffffff&#8221; text_font_size=&#8221;23px&#8221; background_color=&#8221;#1a0052&#8243; vertical_offset=&#8221;35px&#8221; position_origin_a_tablet=&#8221;&#8221; position_origin_a_phone=&#8221;&#8221; position_origin_a_last_edited=&#8221;on|phone&#8221; position_origin_f_tablet=&#8221;&#8221; position_origin_f_phone=&#8221;&#8221; position_origin_f_last_edited=&#8221;on|phone&#8221; position_origin_r_tablet=&#8221;&#8221; position_origin_r_phone=&#8221;&#8221; position_origin_r_last_edited=&#8221;on|phone&#8221; text_orientation=&#8221;center&#8221; width=&#8221;70%&#8221; width_tablet=&#8221;&#8221; width_phone=&#8221;90%&#8221; width_last_edited=&#8221;on|phone&#8221; max_width=&#8221;78%&#8221; max_width_tablet=&#8221;&#8221; max_width_phone=&#8221;90%&#8221; max_width_last_edited=&#8221;on|phone&#8221; custom_padding=&#8221;15px||15px||false|false&#8221; text_font_size_tablet=&#8221;&#8221; text_font_size_phone=&#8221;15px&#8221; text_font_size_last_edited=&#8221;on|phone&#8221; positioning_tablet=&#8221;&#8221; positioning_phone=&#8221;relative&#8221; positioning_last_edited=&#8221;on|phone&#8221; module_alignment_tablet=&#8221;&#8221; module_alignment_phone=&#8221;center&#8221; module_alignment_last_edited=&#8221;on|phone&#8221; global_colors_info=&#8221;{}&#8221;]<\/p>\n<p>Unitas-Brasil \u00e9 para voc\u00ea<\/p>\n<p>[\/et_pb_text][et_pb_divider _builder_version=&#8221;4.16&#8243; background_color=&#8221;#727272&#8243; vertical_offset_tablet=&#8221;&#8221; vertical_offset_phone=&#8221;45px&#8221; vertical_offset_last_edited=&#8221;on|phone&#8221; position_origin_a_tablet=&#8221;&#8221; position_origin_a_phone=&#8221;&#8221; position_origin_a_last_edited=&#8221;on|phone&#8221; position_origin_f_tablet=&#8221;&#8221; position_origin_f_phone=&#8221;&#8221; position_origin_f_last_edited=&#8221;on|phone&#8221; position_origin_r_tablet=&#8221;&#8221; position_origin_r_phone=&#8221;&#8221; position_origin_r_last_edited=&#8221;on|phone&#8221; width=&#8221;15%&#8221; max_width=&#8221;16%&#8221; min_height=&#8221;3px&#8221; height=&#8221;1px&#8221; max_height=&#8221;3px&#8221; positioning_tablet=&#8221;&#8221; positioning_phone=&#8221;&#8221; positioning_last_edited=&#8221;on|phone&#8221; global_colors_info=&#8221;{}&#8221;][\/et_pb_divider][et_pb_text _builder_version=&#8221;4.16&#8243; text_font=&#8221;Poppins||||||||&#8221; vertical_offset_tablet=&#8221;&#8221; vertical_offset_phone=&#8221;35px&#8221; vertical_offset_last_edited=&#8221;on|phone&#8221; position_origin_a_tablet=&#8221;&#8221; position_origin_a_phone=&#8221;&#8221; position_origin_a_last_edited=&#8221;on|phone&#8221; position_origin_f_tablet=&#8221;&#8221; position_origin_f_phone=&#8221;&#8221; position_origin_f_last_edited=&#8221;on|phone&#8221; position_origin_r_tablet=&#8221;&#8221; position_origin_r_phone=&#8221;&#8221; position_origin_r_last_edited=&#8221;on|phone&#8221; text_orientation=&#8221;justified&#8221; positioning_tablet=&#8221;&#8221; positioning_phone=&#8221;relative&#8221; positioning_last_edited=&#8221;on|phone&#8221; global_colors_info=&#8221;{}&#8221;]<\/p>\n<p>O Instituto Secular Unitas-Brasil quer abrir-se a leigos e leigas que desejam viver os Conselhos Evang\u00e9licos.\u00a0Para ajudar a viver o seu ideal, oferece aos seus membros uma &#8220;Norma de Vida&#8221; que orienta a viv\u00eancia da espiritualidade do Instituto.<\/p>\n<p>Os membros contam tamb\u00e9m com o apoio da Coordena\u00e7\u00e3o do Instituto e do grupo. Este apoio se d\u00e1 atrav\u00e9s de encontros mensais e retiros anuais, do boletim bimestral &#8220;<em>Adveniat<\/em>&#8220;, contatos pessoais, correspond\u00eancias, etc.\u00a0Unitas-Brasil n\u00e3o mant\u00e9m comunidades. Seus membros residem em seu pr\u00f3prio meio, guardando assim a caracter\u00edstica secular.<\/p>\n<p>[\/et_pb_text][\/et_pb_column][\/et_pb_row][et_pb_row column_structure=&#8221;1_2,1_2&#8243; _builder_version=&#8221;4.16&#8243; vertical_offset=&#8221;26px&#8221; vertical_offset_tablet=&#8221;&#8221; vertical_offset_phone=&#8221;-26px&#8221; vertical_offset_last_edited=&#8221;on|phone&#8221; position_origin_a_tablet=&#8221;&#8221; position_origin_a_phone=&#8221;&#8221; position_origin_a_last_edited=&#8221;on|phone&#8221; position_origin_f_tablet=&#8221;&#8221; position_origin_f_phone=&#8221;&#8221; position_origin_f_last_edited=&#8221;on|phone&#8221; position_origin_r_tablet=&#8221;&#8221; position_origin_r_phone=&#8221;&#8221; position_origin_r_last_edited=&#8221;on|phone&#8221; min_height=&#8221;364.7px&#8221; custom_padding=&#8221;||1px|||&#8221; positioning_tablet=&#8221;&#8221; positioning_phone=&#8221;&#8221; positioning_last_edited=&#8221;on|phone&#8221; global_colors_info=&#8221;{}&#8221;][et_pb_column type=&#8221;1_2&#8243; _builder_version=&#8221;4.16&#8243; global_colors_info=&#8221;{}&#8221;][et_pb_text _builder_version=&#8221;4.16&#8243; text_font=&#8221;Poppins|600|||||||&#8221; text_text_color=&#8221;#ffffff&#8221; text_font_size=&#8221;23px&#8221; background_color=&#8221;#1a0052&#8243; text_orientation=&#8221;center&#8221; width=&#8221;67%&#8221; width_tablet=&#8221;&#8221; width_phone=&#8221;90%&#8221; width_last_edited=&#8221;on|phone&#8221; max_width=&#8221;61%&#8221; max_width_tablet=&#8221;&#8221; max_width_phone=&#8221;90%&#8221; max_width_last_edited=&#8221;on|phone&#8221; custom_padding=&#8221;15px||15px||false|false&#8221; text_font_size_tablet=&#8221;&#8221; text_font_size_phone=&#8221;15px&#8221; text_font_size_last_edited=&#8221;on|phone&#8221; module_alignment_tablet=&#8221;&#8221; module_alignment_phone=&#8221;center&#8221; module_alignment_last_edited=&#8221;on|phone&#8221; global_colors_info=&#8221;{}&#8221;]<\/p>\n<p>Voc\u00ea se identificou?<\/p>\n<p>[\/et_pb_text][et_pb_divider color=&#8221;#474747&#8243; _builder_version=&#8221;4.16&#8243; background_color=&#8221;#727272&#8243; width=&#8221;16%&#8221; min_height=&#8221;1px&#8221; height=&#8221;3px&#8221; max_height=&#8221;3px&#8221; custom_margin=&#8221;0px||0px||false|false&#8221; custom_padding=&#8221;0px||0px||false|false&#8221; global_colors_info=&#8221;{}&#8221;][\/et_pb_divider][et_pb_text _builder_version=&#8221;4.16&#8243; text_font=&#8221;Poppins||||||||&#8221; positioning=&#8221;relative&#8221; vertical_offset=&#8221;26px&#8221; text_orientation=&#8221;justified&#8221; global_colors_info=&#8221;{}&#8221;]<\/p>\n<p>Fa\u00e7a-nos uma visita! Ser\u00e1 uma alegria poder te acolher em nossa casa sede.<\/p>\n<p>[\/et_pb_text][et_pb_button button_url=&#8221;https:\/\/www.isunitasbrasil.org\/?page_id=219&#038;et_fb=1&#038;PageSpeed=off&#8221; button_text=&#8221;Fale conosco&#8221; _builder_version=&#8221;4.16&#8243; custom_button=&#8221;on&#8221; button_text_size=&#8221;18px&#8221; button_text_color=&#8221;#ffffff&#8221; button_bg_color=&#8221;#727272&#8243; button_border_width=&#8221;0px&#8221; button_border_radius=&#8221;13px&#8221; button_font=&#8221;Poppins||||||||&#8221; button_use_icon=&#8221;off&#8221; positioning=&#8221;relative&#8221; vertical_offset=&#8221;17px&#8221; global_colors_info=&#8221;{}&#8221;][\/et_pb_button][\/et_pb_column][et_pb_column type=&#8221;1_2&#8243; _builder_version=&#8221;4.16&#8243; global_colors_info=&#8221;{}&#8221;][et_pb_text _builder_version=&#8221;4.16&#8243; text_font=&#8221;Poppins||||||||&#8221; text_text_color=&#8221;#ffffff&#8221; text_font_size=&#8221;23px&#8221; background_color=&#8221;#1a0052&#8243; vertical_offset=&#8221;4px&#8221; position_origin_a_tablet=&#8221;&#8221; position_origin_a_phone=&#8221;&#8221; position_origin_a_last_edited=&#8221;on|phone&#8221; position_origin_f_tablet=&#8221;&#8221; position_origin_f_phone=&#8221;&#8221; position_origin_f_last_edited=&#8221;on|phone&#8221; position_origin_r_tablet=&#8221;&#8221; position_origin_r_phone=&#8221;&#8221; position_origin_r_last_edited=&#8221;on|phone&#8221; text_orientation=&#8221;center&#8221; width=&#8221;70%&#8221; width_tablet=&#8221;&#8221; width_phone=&#8221;90%&#8221; width_last_edited=&#8221;on|phone&#8221; max_width=&#8221;78%&#8221; max_width_tablet=&#8221;&#8221; max_width_phone=&#8221;90%&#8221; max_width_last_edited=&#8221;on|phone&#8221; custom_padding=&#8221;15px||15px||false|false&#8221; text_font_size_tablet=&#8221;&#8221; text_font_size_phone=&#8221;15px&#8221; text_font_size_last_edited=&#8221;on|phone&#8221; positioning_tablet=&#8221;&#8221; positioning_phone=&#8221;relative&#8221; positioning_last_edited=&#8221;on|phone&#8221; module_alignment_tablet=&#8221;&#8221; module_alignment_phone=&#8221;center&#8221; module_alignment_last_edited=&#8221;on|phone&#8221; global_colors_info=&#8221;{}&#8221;]<\/p>\n<p>Nosso jeito de ser Unitas<\/p>\n<p>[\/et_pb_text][et_pb_divider _builder_version=&#8221;4.16&#8243; background_color=&#8221;#727272&#8243; width=&#8221;15%&#8221; max_width=&#8221;16%&#8221; min_height=&#8221;3px&#8221; height=&#8221;1px&#8221; max_height=&#8221;3px&#8221; global_colors_info=&#8221;{}&#8221;][\/et_pb_divider][et_pb_gallery gallery_ids=&#8221;909,910,911,912,913,914,915,916,917,918,977,978&#8243; gallery_orderby=&#8221;rand&#8221; _builder_version=&#8221;4.19.4&#8243; _module_preset=&#8221;default&#8221; hover_enabled=&#8221;0&#8243; global_colors_info=&#8221;{}&#8221; sticky_enabled=&#8221;0&#8243;][\/et_pb_gallery][\/et_pb_column][\/et_pb_row][\/et_pb_section]<\/p>\n","protected":false},"excerpt":{"rendered":"<p>EspiritualidadeA espiritualidade do Instituto Secular Unitas-Brasil tem sua t\u00f4nica na vida de uni\u00e3o com Deus, a fim de que, guiados pelo Esp\u00edrito Santo, seus membros sigam Cristo no tempo atual. Procura-se dar continuidade \u00e0 tradi\u00e7\u00e3o da vida contemplativa na Igreja de todos os tempos. \u00c9 uma forma de consagra\u00e7\u00e3o nova e original, inspirada pelo Esp\u00edrito [&hellip;]<\/p>\n","protected":false},"author":1,"featured_media":0,"parent":0,"menu_order":0,"comment_status":"closed","ping_status":"closed","template":"","meta":{"_et_pb_use_builder":"on","_et_pb_old_content":"","_et_gb_content_width":"","footnotes":""},"_links":{"self":[{"href":"https:\/\/www.isunitasbrasil.org\/index.php?rest_route=\/wp\/v2\/pages\/70"}],"collection":[{"href":"https:\/\/www.isunitasbrasil.org\/index.php?rest_route=\/wp\/v2\/pages"}],"about":[{"href":"https:\/\/www.isunitasbrasil.org\/index.php?rest_route=\/wp\/v2\/types\/page"}],"author":[{"embeddable":true,"href":"https:\/\/www.isunitasbrasil.org\/index.php?rest_route=\/wp\/v2\/users\/1"}],"replies":[{"embeddable":true,"href":"https:\/\/www.isunitasbrasil.org\/index.php?rest_route=%2Fwp%2Fv2%2Fcomments&post=70"}],"version-history":[{"count":48,"href":"https:\/\/www.isunitasbrasil.org\/index.php?rest_route=\/wp\/v2\/pages\/70\/revisions"}],"predecessor-version":[{"id":980,"href":"https:\/\/www.isunitasbrasil.org\/index.php?rest_route=\/wp\/v2\/pages\/70\/revisions\/980"}],"wp:attachment":[{"href":"https:\/\/www.isunitasbrasil.org\/index.php?rest_route=%2Fwp%2Fv2%2Fmedia&parent=70"}],"curies":[{"name":"wp","href":"https:\/\/api.w.org\/{rel}","templated":true}]}}