{"id":440,"date":"2021-01-18T14:55:35","date_gmt":"2021-01-18T17:55:35","guid":{"rendered":"https:\/\/www.isunitasbrasil.org\/?page_id=440"},"modified":"2021-04-06T14:19:03","modified_gmt":"2021-04-06T17:19:03","slug":"institutos-seculares","status":"publish","type":"page","link":"https:\/\/www.isunitasbrasil.org\/?page_id=440","title":{"rendered":"Institutos Seculares"},"content":{"rendered":"<p>[et_pb_section fb_built=&#8221;1&#8243; _builder_version=&#8221;4.3.2&#8243; min_height=&#8221;754.2px&#8221;][et_pb_row _builder_version=&#8221;4.3.2&#8243; vertical_offset=&#8221;-46px&#8221;][et_pb_column type=&#8221;4_4&#8243; _builder_version=&#8221;4.3.2&#8243;][et_pb_text _builder_version=&#8221;4.3.2&#8243; text_font=&#8221;Poppins|600|||||||&#8221; text_text_color=&#8221;#ffffff&#8221; text_font_size=&#8221;19px&#8221; background_color=&#8221;#1a0052&#8243; text_orientation=&#8221;center&#8221; width=&#8221;47%&#8221; width_tablet=&#8221;&#8221; width_phone=&#8221;90%&#8221; width_last_edited=&#8221;on|phone&#8221; max_width=&#8221;100%&#8221; max_width_tablet=&#8221;&#8221; max_width_phone=&#8221;89%&#8221; max_width_last_edited=&#8221;on|phone&#8221; custom_padding=&#8221;15px|15px|15px|15px|false|false&#8221; text_font_size_tablet=&#8221;&#8221; text_font_size_phone=&#8221;15px&#8221; text_font_size_last_edited=&#8221;on|phone&#8221; module_alignment_tablet=&#8221;&#8221; module_alignment_phone=&#8221;center&#8221; module_alignment_last_edited=&#8221;on|phone&#8221;]<\/p>\n<p>Uma nova forma de Vida Consagrada na Igreja<\/p>\n<p>[\/et_pb_text][et_pb_divider _builder_version=&#8221;4.3.2&#8243; background_color=&#8221;#727272&#8243; width=&#8221;7%&#8221; max_width=&#8221;11%&#8221; min_height=&#8221;3px&#8221; height=&#8221;1px&#8221; max_height=&#8221;3px&#8221;][\/et_pb_divider][\/et_pb_column][\/et_pb_row][et_pb_row column_structure=&#8221;1_2,1_2&#8243; _builder_version=&#8221;4.3.2&#8243; vertical_offset=&#8221;-36px&#8221;][et_pb_column type=&#8221;1_2&#8243; _builder_version=&#8221;4.3.2&#8243;][et_pb_text _builder_version=&#8221;4.3.2&#8243; text_font=&#8221;Poppins||||||||&#8221; positioning=&#8221;relative&#8221; vertical_offset=&#8221;-29px&#8221; text_orientation=&#8221;justified&#8221;]<\/p>\n<p>Cada momento hist\u00f3rico exige uma nova e criativa resposta para atender suas diversas demandas. Nesses sentido, as muitas formas de vida consagrada na Igreja atuam como portadoras de respostas \u00e0s necessidades de um determinado contexto hist\u00f3rico, social e cultural, sob a inspira\u00e7\u00e3o do Esp\u00edrito Santo.<\/p>\n<p>Os Institutos Seculares apontam para um novo e original estado de vida consagrada no meio do mundo. Seus membros s\u00e3o chamados a viver sua voca\u00e7\u00e3o no exerc\u00edcio da profiss\u00e3o, por sua presen\u00e7a na fam\u00edlia, atuando nos mais diversos segmentos da sociedade e engajados na vida pastoral da Igreja.<\/p>\n<p>Este novo estilo de vida alcan\u00e7ou o reconhecimento da Igreja em 1947, atrav\u00e9s da Constitui\u00e7\u00e3o Apost\u00f3lica <em>Provida Mater Ecclesia<\/em>, promulgada pelo Papa Pio XII.<\/p>\n<p>Sua consagra\u00e7\u00e3o se expressa pela profiss\u00e3o dos Conselhos Evang\u00e9licos (Pobreza, Castidade e Obedi\u00eancia) e \u00e9 consequ\u00eancia da radical op\u00e7\u00e3o pelo segmento de Jesus Cristo.<\/p>\n<p>[\/et_pb_text][et_pb_button button_url=&#8221;https:\/\/cnisb.org.br\/documentos\/&#8221; button_text=&#8221;Leia mais&#8221; _builder_version=&#8221;4.3.2&#8243; custom_button=&#8221;on&#8221; button_text_size=&#8221;18px&#8221; button_text_color=&#8221;#ffffff&#8221; button_bg_color=&#8221;#727272&#8243; button_border_radius=&#8221;13px&#8221; button_font=&#8221;Poppins||||||||&#8221; button_use_icon=&#8221;off&#8221; positioning=&#8221;relative&#8221; vertical_offset=&#8221;-29px&#8221; hover_enabled=&#8221;0&#8243;][\/et_pb_button][\/et_pb_column][et_pb_column type=&#8221;1_2&#8243; _builder_version=&#8221;4.3.2&#8243;][et_pb_image src=&#8221;https:\/\/www.isunitasbrasil.org\/wp-content\/uploads\/2021\/03\/Institutos.png&#8221; _builder_version=&#8221;4.3.2&#8243; positioning=&#8221;relative&#8221; vertical_offset=&#8221;-26px&#8221; horizontal_offset=&#8221;4px&#8221; animation_style=&#8221;fade&#8221; animation_duration=&#8221;2000ms&#8221;][\/et_pb_image][\/et_pb_column][\/et_pb_row][\/et_pb_section]<\/p>\n","protected":false},"excerpt":{"rendered":"<p>Uma nova forma de Vida Consagrada na IgrejaCada momento hist\u00f3rico exige uma nova e criativa resposta para atender suas diversas demandas. Nesses sentido, as muitas formas de vida consagrada na Igreja atuam como portadoras de respostas \u00e0s necessidades de um determinado contexto hist\u00f3rico, social e cultural, sob a inspira\u00e7\u00e3o do Esp\u00edrito Santo. Os Institutos Seculares [&hellip;]<\/p>\n","protected":false},"author":1,"featured_media":0,"parent":0,"menu_order":0,"comment_status":"closed","ping_status":"closed","template":"","meta":{"_et_pb_use_builder":"on","_et_pb_old_content":"","_et_gb_content_width":"","footnotes":""},"_links":{"self":[{"href":"https:\/\/www.isunitasbrasil.org\/index.php?rest_route=\/wp\/v2\/pages\/440"}],"collection":[{"href":"https:\/\/www.isunitasbrasil.org\/index.php?rest_route=\/wp\/v2\/pages"}],"about":[{"href":"https:\/\/www.isunitasbrasil.org\/index.php?rest_route=\/wp\/v2\/types\/page"}],"author":[{"embeddable":true,"href":"https:\/\/www.isunitasbrasil.org\/index.php?rest_route=\/wp\/v2\/users\/1"}],"replies":[{"embeddable":true,"href":"https:\/\/www.isunitasbrasil.org\/index.php?rest_route=%2Fwp%2Fv2%2Fcomments&post=440"}],"version-history":[{"count":16,"href":"https:\/\/www.isunitasbrasil.org\/index.php?rest_route=\/wp\/v2\/pages\/440\/revisions"}],"predecessor-version":[{"id":779,"href":"https:\/\/www.isunitasbrasil.org\/index.php?rest_route=\/wp\/v2\/pages\/440\/revisions\/779"}],"wp:attachment":[{"href":"https:\/\/www.isunitasbrasil.org\/index.php?rest_route=%2Fwp%2Fv2%2Fmedia&parent=440"}],"curies":[{"name":"wp","href":"https:\/\/api.w.org\/{rel}","templated":true}]}}