{"id":366,"date":"2021-01-01T13:31:36","date_gmt":"2021-01-01T16:31:36","guid":{"rendered":"https:\/\/www.isunitasbrasil.org\/?page_id=366"},"modified":"2021-03-19T18:15:26","modified_gmt":"2021-03-19T21:15:26","slug":"como-tudo-comecou","status":"publish","type":"page","link":"https:\/\/www.isunitasbrasil.org\/?page_id=366","title":{"rendered":"Como tudo come\u00e7ou"},"content":{"rendered":"<p>[et_pb_section fb_built=&#8221;1&#8243; _builder_version=&#8221;4.3.2&#8243; background_image=&#8221;https:\/\/www.isunitasbrasil.org\/wp-content\/uploads\/2020\/03\/7baf0409b3985d2a3ff3efd06b3bd1ec.jpg&#8221;][et_pb_row _builder_version=&#8221;4.3.2&#8243; min_height=&#8221;28px&#8221;][et_pb_column type=&#8221;4_4&#8243; _builder_version=&#8221;4.3.2&#8243;][et_pb_text _builder_version=&#8221;4.3.2&#8243; text_font=&#8221;Poppins|600|||||||&#8221; text_text_color=&#8221;#ffffff&#8221; text_font_size=&#8221;23px&#8221; text_line_height=&#8221;1.2em&#8221; background_color=&#8221;#1a0052&#8243; text_orientation=&#8221;center&#8221; width=&#8221;27%&#8221; custom_padding=&#8221;15px||15px||false|false&#8221; hover_enabled=&#8221;0&#8243; text_font_size_tablet=&#8221;&#8221; text_font_size_phone=&#8221;16px&#8221; text_font_size_last_edited=&#8221;on|phone&#8221; width_last_edited=&#8221;on|phone&#8221; custom_padding_last_edited=&#8221;on|phone&#8221; custom_padding_phone=&#8221;15px|0px|15px|0px|false|false&#8221;]<\/p>\n<p style=\"text-align: center;\">Como tudo come\u00e7ou<\/p>\n<p>[\/et_pb_text][\/et_pb_column][\/et_pb_row][et_pb_row _builder_version=&#8221;4.3.2&#8243; min_height=&#8221;671.7px&#8221;][et_pb_column type=&#8221;4_4&#8243; _builder_version=&#8221;4.3.2&#8243;][et_pb_divider _builder_version=&#8221;4.3.2&#8243; background_color=&#8221;#727272&#8243; vertical_offset=&#8221;-20px&#8221; width=&#8221;7%&#8221; max_height=&#8221;3px&#8221;][\/et_pb_divider][et_pb_text _builder_version=&#8221;4.3.2&#8243; text_font=&#8221;Poppins||||||||&#8221; positioning=&#8221;relative&#8221; vertical_offset=&#8221;-29px&#8221; text_orientation=&#8221;justified&#8221;]<\/p>\n<p style=\"text-align: justify;\">Pe. Drehmanns, redentorista, holand\u00eas, era procurado por muitos leigos que queriam colocar sua vida totalmente a servi\u00e7o de Deus e que aspiravam a uma vida espiritual mais profunda, a vida contemplativa. Na dire\u00e7\u00e3o destas pessoas, cresceu para ele a convic\u00e7\u00e3o que se tornou a base de todo seu agir:\u00a0<em>a pessoa chamada \u00e0 contempla\u00e7\u00e3o n\u00e3o precisa, necessariamente, optar por uma das ordens contemplativas existentes. \u00c9 poss\u00edvel para leigos, em grupo, viver como consagrados e ajudar-se mutuamente a chegar a uma vida de maior uni\u00e3o com Deus por meio da ora\u00e7\u00e3o, e almejar o dom da contempla\u00e7\u00e3o.<\/em><\/p>\n<p>Assim foi crescendo a ideia de uma forma de vida que, mais tarde, tornou-se conhecida como \u201cvida secular consagrada\u201d ou \u201cInstituto Secular\u201d (Reconhecida juridicamente atrav\u00e9s da Constitui\u00e7\u00e3o Apost\u00f3lica \u201c<em>Provida Mater Ecclesia<\/em>\u201c, promulgada por Pio XII, em 1947).<\/p>\n<p>Com algumas de suas dirigidas, Pe. Drehmanns come\u00e7ou a experi\u00eancia no dia 15 de outubro de 1942, festa de Santa Teresa d\u2019\u00c1vila, em Amisterdam &#8211; Holanda. Inicialmente, o grupo se denominava \u201c<em>Societas Sponsarum Iesu<\/em>\u201d e se apresentava externamente como \u201cClube de Retiros Santa Teresa d\u2019\u00c1vila\u201d.\u00a0<span style=\"font-size: 15px;\">Depois de se prepararem atrav\u00e9s de um retiro de cinco dias, dez senhoras, entre elas duas vi\u00favas, fizeram os votos perp\u00e9tuos e uma, por n\u00e3o ter ainda a idade exigida para este compromisso, fez os votos por um ano. As duas mais jovens tinham 27 e 30 anos.<\/span><\/p>\n<p>A funda\u00e7\u00e3o aconteceu com muita simplicidade, ato discreto, em uma das salas simples do Convento das Irm\u00e3s Mission\u00e1rias de Maria, durante a Segunda Guerra Mundial.<\/p>\n<p>Com a funda\u00e7\u00e3o de seu Instituto Secular, Pe. Drehmanns mostrou ter uma vis\u00e3o prof\u00e9tica. Ele compreendeu, j\u00e1 bem cedo, que a Igreja daquele tempo precisava de novas formas de vida consagrada a Deus.<\/p>\n<p>No dia 08 de Outubro de 1950, Pe. Drehmanns partiu para o Brasil com oito membros. Depois de uma penosa viagem de navio, chegaram \u00e0 Terra de Santa Cruz, no dia 30 de Outubro do mesmo ano.<\/p>\n<p>Em 1987, a Se\u00e7\u00e3o do Brasil tornou-se aut\u00f4noma e, em 1991, Dom Serafim Fernandes de Ara\u00fajo, Arcebispo Metropolitano de Belo Horizonte \u00e0 \u00e9poca, lavrou o Decreto de Ere\u00e7\u00e3o Can\u00f4nica, aprovando o Instituto como Instituto Secular de Direito Diocesano, passando a denominar-se Instituto Secular Unitas-Brasil.<\/p>\n<p>[\/et_pb_text][\/et_pb_column][\/et_pb_row][\/et_pb_section]<\/p>\n","protected":false},"excerpt":{"rendered":"<p>Como tudo come\u00e7ouPe. Drehmanns, redentorista, holand\u00eas, era procurado por muitos leigos que queriam colocar sua vida totalmente a servi\u00e7o de Deus e que aspiravam a uma vida espiritual mais profunda, a vida contemplativa. Na dire\u00e7\u00e3o destas pessoas, cresceu para ele a convic\u00e7\u00e3o que se tornou a base de todo seu agir:\u00a0a pessoa chamada \u00e0 contempla\u00e7\u00e3o [&hellip;]<\/p>\n","protected":false},"author":1,"featured_media":0,"parent":0,"menu_order":0,"comment_status":"closed","ping_status":"closed","template":"","meta":{"_et_pb_use_builder":"on","_et_pb_old_content":"","_et_gb_content_width":"","footnotes":""},"_links":{"self":[{"href":"https:\/\/www.isunitasbrasil.org\/index.php?rest_route=\/wp\/v2\/pages\/366"}],"collection":[{"href":"https:\/\/www.isunitasbrasil.org\/index.php?rest_route=\/wp\/v2\/pages"}],"about":[{"href":"https:\/\/www.isunitasbrasil.org\/index.php?rest_route=\/wp\/v2\/types\/page"}],"author":[{"embeddable":true,"href":"https:\/\/www.isunitasbrasil.org\/index.php?rest_route=\/wp\/v2\/users\/1"}],"replies":[{"embeddable":true,"href":"https:\/\/www.isunitasbrasil.org\/index.php?rest_route=%2Fwp%2Fv2%2Fcomments&post=366"}],"version-history":[{"count":7,"href":"https:\/\/www.isunitasbrasil.org\/index.php?rest_route=\/wp\/v2\/pages\/366\/revisions"}],"predecessor-version":[{"id":655,"href":"https:\/\/www.isunitasbrasil.org\/index.php?rest_route=\/wp\/v2\/pages\/366\/revisions\/655"}],"wp:attachment":[{"href":"https:\/\/www.isunitasbrasil.org\/index.php?rest_route=%2Fwp%2Fv2%2Fmedia&parent=366"}],"curies":[{"name":"wp","href":"https:\/\/api.w.org\/{rel}","templated":true}]}}