{"id":360,"date":"2021-01-01T13:02:15","date_gmt":"2021-01-01T16:02:15","guid":{"rendered":"https:\/\/www.isunitasbrasil.org\/?page_id=360"},"modified":"2021-04-06T11:44:33","modified_gmt":"2021-04-06T14:44:33","slug":"fundador","status":"publish","type":"page","link":"https:\/\/www.isunitasbrasil.org\/?page_id=360","title":{"rendered":"O Fundador"},"content":{"rendered":"<p>[et_pb_section fb_built=&#8221;1&#8243; _builder_version=&#8221;4.3.2&#8243; background_image=&#8221;https:\/\/www.isunitasbrasil.org\/wp-content\/uploads\/2020\/03\/7baf0409b3985d2a3ff3efd06b3bd1ec.jpg&#8221;][et_pb_row column_structure=&#8221;1_2,1_2&#8243; _builder_version=&#8221;4.3.2&#8243; custom_margin=&#8221;|134px||auto||&#8221;][et_pb_column type=&#8221;1_2&#8243; _builder_version=&#8221;4.3.2&#8243;][et_pb_text _builder_version=&#8221;4.3.2&#8243; text_font=&#8221;Poppins|600|||||||&#8221; text_text_color=&#8221;#ffffff&#8221; text_font_size=&#8221;23px&#8221; background_color=&#8221;#1a0052&#8243; horizontal_offset=&#8221;45px&#8221; position_origin_a_tablet=&#8221;&#8221; position_origin_a_phone=&#8221;&#8221; position_origin_a_last_edited=&#8221;on|phone&#8221; position_origin_f_tablet=&#8221;&#8221; position_origin_f_phone=&#8221;&#8221; position_origin_f_last_edited=&#8221;on|phone&#8221; position_origin_r_tablet=&#8221;&#8221; position_origin_r_phone=&#8221;&#8221; position_origin_r_last_edited=&#8221;on|phone&#8221; width=&#8221;35%&#8221; width_tablet=&#8221;&#8221; width_phone=&#8221;&#8221; width_last_edited=&#8221;on|phone&#8221; max_width=&#8221;33%&#8221; max_width_tablet=&#8221;&#8221; max_width_phone=&#8221;&#8221; max_width_last_edited=&#8221;on|phone&#8221; module_alignment=&#8221;left&#8221; custom_padding=&#8221;15px|15px|15px|15px|false|false&#8221; custom_padding_tablet=&#8221;&#8221; custom_padding_phone=&#8221;15px|25px|15px|25px|false|false&#8221; custom_padding_last_edited=&#8221;on|phone&#8221; text_font_size_tablet=&#8221;&#8221; text_font_size_phone=&#8221;15px&#8221; text_font_size_last_edited=&#8221;on|phone&#8221; positioning_tablet=&#8221;&#8221; positioning_phone=&#8221;relative&#8221; positioning_last_edited=&#8221;on|phone&#8221; text_orientation_tablet=&#8221;&#8221; text_orientation_phone=&#8221;center&#8221; text_orientation_last_edited=&#8221;on|phone&#8221; module_alignment_tablet=&#8221;&#8221; module_alignment_phone=&#8221;left&#8221; module_alignment_last_edited=&#8221;on|phone&#8221;]<\/p>\n<p>O Fundador<\/p>\n<p>[\/et_pb_text][et_pb_divider _builder_version=&#8221;4.3.2&#8243; background_color=&#8221;#727272&#8243; vertical_offset=&#8221;-1px&#8221; width=&#8221;16%&#8221; max_width=&#8221;20%&#8221; min_height=&#8221;3px&#8221; height=&#8221;1px&#8221; max_height=&#8221;3px&#8221; hover_enabled=&#8221;0&#8243; positioning_last_edited=&#8221;on|phone&#8221; position_origin_a_last_edited=&#8221;on|phone&#8221; position_origin_f_last_edited=&#8221;on|phone&#8221; position_origin_r_last_edited=&#8221;on|phone&#8221; horizontal_offset_last_edited=&#8221;on|phone&#8221; horizontal_offset_phone=&#8221;45px&#8221;][\/et_pb_divider][et_pb_text _builder_version=&#8221;4.3.2&#8243; text_font=&#8221;Poppins||||||||&#8221; horizontal_offset=&#8221;45px&#8221; position_origin_a_tablet=&#8221;&#8221; position_origin_a_phone=&#8221;&#8221; position_origin_a_last_edited=&#8221;on|desktop&#8221; position_origin_f_tablet=&#8221;&#8221; position_origin_f_phone=&#8221;&#8221; position_origin_f_last_edited=&#8221;on|desktop&#8221; position_origin_r_tablet=&#8221;&#8221; position_origin_r_phone=&#8221;&#8221; position_origin_r_last_edited=&#8221;on|desktop&#8221; text_orientation=&#8221;justified&#8221; width=&#8221;100%&#8221; positioning_tablet=&#8221;&#8221; positioning_phone=&#8221;relative&#8221; positioning_last_edited=&#8221;on|phone&#8221;]<\/p>\n<p>Pe. Jos\u00e9 Maria Drehmanns nasceu no dia 1\u00ba de maio de 1882, em Roermond &#8211; Prov\u00edncia de Limburgo &#8211; Holanda; onde viveu os primeiros 23 anos de sua vida. Filho de H. J. H. Drehmanns e Carolina Schoolmeesters, pertencia a uma fam\u00edlia autenticamente cat\u00f3lica, tendo, assim, toda a sua vida marcada por um cunho religioso.<\/p>\n<p>Como Redentorista, dedicou sua vida \u00e0 prega\u00e7\u00e3o da Boa Nova. Tinha uma grande sede de tornar conhecido o Amor Divino, n\u00e3o tanto por teorias elevadas, mas por sua pr\u00f3pria viv\u00eancia. Seu carisma de &#8220;Guia Espiritual&#8221; consistia, justamente, na transpar\u00eancia da \u00edntima uni\u00e3o que vivia com o pr\u00f3prio Amor. Isto se manifestava em todo seu modo de agir. Esta era uma caracter\u00edstica que fascinava e incentivava as pessoas que procuravam a sua orienta\u00e7\u00e3o.<\/p>\n<p>Como caminho para se chegar a esta \u00edntima uni\u00e3o com Deus, propagava a Contempla\u00e7\u00e3o. Sendo esta um dom gratuito de Deus, mostrava a todos como se tornar apto para receber este Dom.<\/p>\n<p>Devido ao fato de sua dire\u00e7\u00e3o ser muito solicitada por mo\u00e7as e senhoras que tendiam a uma vida mais unida a Deus, surgiu a ideia de reunir estas pessoas que procuravam uma forma em que pudessem realizar uma vida consagrada a Deus no meio do mundo. O resultado de muito estudo e ora\u00e7\u00e3o foi que, no dia 15 de outubro de 1942, festa de Santa Teresa D&#8217;\u00c1vila, foi fundado o &#8220;Clube de Retiros Sta. Teresa D&#8217;\u00c1vila&#8221;, inicialmente denominado &#8220;<em>Societas Sponsarum Iesu<\/em>\u201d e atualmente &#8220;Instituto Secular Unitas-Brasil&#8221;.<\/p>\n<p>No dia 17 de setembro de 1959, enquanto pregava um retiro para as Irm\u00e3s da Congrega\u00e7\u00e3o C\u00f4negas do Santo Sepulcro, em Holambra &#8211; SP &#8211; veio a falecer repentinamente, aos 77 anos de idade. Foi sepultado em Belo Horizonte\/ MG. Ap\u00f3s alguns anos, seus restos mortais foram trasladados para o jazigo dos padres redentoristas em Juiz de Fora\/ MG.<\/p>\n<p>[\/et_pb_text][\/et_pb_column][et_pb_column type=&#8221;1_2&#8243; _builder_version=&#8221;4.3.2&#8243;][et_pb_image src=&#8221;https:\/\/www.isunitasbrasil.org\/wp-content\/uploads\/2021\/03\/Pe.png&#8221; align=&#8221;center&#8221; _builder_version=&#8221;4.3.2&#8243; width=&#8221;63%&#8221; max_width=&#8221;70%&#8221; module_alignment=&#8221;right&#8221;][\/et_pb_image][et_pb_text _builder_version=&#8221;4.3.2&#8243; positioning=&#8221;relative&#8221; vertical_offset=&#8221;-11px&#8221; horizontal_offset=&#8221;137px&#8221; position_origin_a_tablet=&#8221;&#8221; position_origin_a_phone=&#8221;&#8221; position_origin_a_last_edited=&#8221;on|desktop&#8221; position_origin_f_tablet=&#8221;&#8221; position_origin_f_phone=&#8221;&#8221; position_origin_f_last_edited=&#8221;on|desktop&#8221; position_origin_r_tablet=&#8221;&#8221; position_origin_r_phone=&#8221;&#8221; position_origin_r_last_edited=&#8221;on|phone&#8221; positioning_tablet=&#8221;&#8221; positioning_phone=&#8221;&#8221; positioning_last_edited=&#8221;on|phone&#8221;]<\/p>\n<p>Pe. Jos\u00e9 Maria Drehmanns &#8211; CSsR<\/p>\n<p>[\/et_pb_text][\/et_pb_column][\/et_pb_row][\/et_pb_section]<\/p>\n","protected":false},"excerpt":{"rendered":"<p>O FundadorPe. Jos\u00e9 Maria Drehmanns nasceu no dia 1\u00ba de maio de 1882, em Roermond &#8211; Prov\u00edncia de Limburgo &#8211; Holanda; onde viveu os primeiros 23 anos de sua vida. Filho de H. J. H. Drehmanns e Carolina Schoolmeesters, pertencia a uma fam\u00edlia autenticamente cat\u00f3lica, tendo, assim, toda a sua vida marcada por um cunho [&hellip;]<\/p>\n","protected":false},"author":1,"featured_media":0,"parent":0,"menu_order":0,"comment_status":"closed","ping_status":"closed","template":"","meta":{"_et_pb_use_builder":"on","_et_pb_old_content":"","_et_gb_content_width":"","footnotes":""},"_links":{"self":[{"href":"https:\/\/www.isunitasbrasil.org\/index.php?rest_route=\/wp\/v2\/pages\/360"}],"collection":[{"href":"https:\/\/www.isunitasbrasil.org\/index.php?rest_route=\/wp\/v2\/pages"}],"about":[{"href":"https:\/\/www.isunitasbrasil.org\/index.php?rest_route=\/wp\/v2\/types\/page"}],"author":[{"embeddable":true,"href":"https:\/\/www.isunitasbrasil.org\/index.php?rest_route=\/wp\/v2\/users\/1"}],"replies":[{"embeddable":true,"href":"https:\/\/www.isunitasbrasil.org\/index.php?rest_route=%2Fwp%2Fv2%2Fcomments&post=360"}],"version-history":[{"count":17,"href":"https:\/\/www.isunitasbrasil.org\/index.php?rest_route=\/wp\/v2\/pages\/360\/revisions"}],"predecessor-version":[{"id":764,"href":"https:\/\/www.isunitasbrasil.org\/index.php?rest_route=\/wp\/v2\/pages\/360\/revisions\/764"}],"wp:attachment":[{"href":"https:\/\/www.isunitasbrasil.org\/index.php?rest_route=%2Fwp%2Fv2%2Fmedia&parent=360"}],"curies":[{"name":"wp","href":"https:\/\/api.w.org\/{rel}","templated":true}]}}